{"id":172,"date":"2024-04-20T19:20:43","date_gmt":"2024-04-20T19:20:43","guid":{"rendered":"https:\/\/margaridadapraca.pt\/?page_id=172"},"modified":"2024-08-09T11:11:35","modified_gmt":"2024-08-09T10:11:35","slug":"politica-de-privacidade","status":"publish","type":"page","link":"https:\/\/margaridadapraca.pt\/en\/politica-de-privacidade\/","title":{"rendered":"Privacy Policy"},"content":{"rendered":"<div data-elementor-type=\"wp-page\" data-elementor-id=\"172\" class=\"elementor elementor-172\" data-elementor-post-type=\"page\">\n\t\t\t\t<div class=\"elementor-element elementor-element-b564f34 e-flex e-con-boxed e-con e-parent\" data-id=\"b564f34\" data-element_type=\"container\">\n\t\t\t\t\t<div class=\"e-con-inner\">\n\t\t\t\t<div class=\"elementor-element elementor-element-9e5154a elementor-widget elementor-widget-heading\" data-id=\"9e5154a\" data-element_type=\"widget\" data-widget_type=\"heading.default\">\n\t\t\t\t\t<h2 class=\"elementor-heading-title elementor-size-default\">Privacy Policy<\/h2>\t\t\t\t<\/div>\n\t\t\t\t<div class=\"elementor-element elementor-element-4fe7184 elementor-widget elementor-widget-text-editor\" data-id=\"4fe7184\" data-element_type=\"widget\" data-widget_type=\"text-editor.default\">\n\t\t\t\t\t\t\t\t\t<p><strong>Pol\u00edtica de Privacidade e Dados Pessoais \u2013 aplic\u00e1vel aos Utilizadores deste Neg\u00f3cio de Hotelaria aquando da realiza\u00e7\u00e3o de uma reserva<\/strong><\/p><p><strong>Controlador de dados (n\u00f3s): <\/strong><br \/>O neg\u00f3cio de hospitalidade que ir\u00e1 fornecer a si, o utilizador, o servi\u00e7o solicitado. Os nossos dados de identifica\u00e7\u00e3o e contato est\u00e3o dispon\u00edveis no website que utilizou para fazer a sua reserva \/ para nos colocar as suas quest\u00f5es. Eles tamb\u00e9m v\u00e3o aparecer na nossa fatura que lhe poderemos enviar.<\/p><p><strong>Respons\u00e1vel pela Conformidade de Dados:<\/strong><br \/>N\u00e3o aplic\u00e1vel \u00e0s atividades dos Controladores de Dados.<\/p><p><strong>Utilizador:<\/strong><br \/>Voc\u00ea, que preencheu o formul\u00e1rio de reserva ou qualquer outra documenta\u00e7\u00e3o relacionada a ele.<\/p><p><strong>Finalidade:<\/strong><br \/>\u00a0A finalidade do tratamento dos dados fornecidos atrav\u00e9s deste formul\u00e1rio \u00e9 gerir as reservas feitas por si, utilizador e\/ou responder \u00e0s quest\u00f5es\/pedidos que colocou.<\/p><p><strong>Base legal:<\/strong><br \/>\u2013 Ou a necessidade de executar o nosso contrato consigo, utilizador \/ a necessidade de tomar medidas a seu pedido antes de celebrar um contrato.\u2013 Ou o consentimento de si, utilizador, assinalando a caixa de aceita\u00e7\u00e3o dos Termos e Condi\u00e7\u00f5es de que esta Pol\u00edtica de Privacidade e Dados Pessoais (Pol\u00edtica de Cookies) \u00e9 parte integrante.<\/p><p><strong>Dura\u00e7\u00e3o: <\/strong><br \/>Armazenaremos os dados fornecidos por si, utilizador, durante o tempo necess\u00e1rio para a gest\u00e3o da reserva que efetuou, bem como dos servi\u00e7os de alojamento que solicitou. Uma vez terminada a gest\u00e3o, os seus dados ser\u00e3o conservados durante seis (6) meses. Se consentir receber informa\u00e7\u00f5es de marketing e\/ou comerciais, os seus dados ser\u00e3o armazenados at\u00e9 que revogue o seu consentimento.<\/p><p><strong>Processador:<br \/><\/strong>\u00a0Contratamos o nosso parceiro Cloudbeds (www.cloudbeds.com ) para realizar o motor de reservas do nosso neg\u00f3cio. A Cloudbeds atua sob a nossa autoridade e assin\u00e1mos um contrato com elespara a presta\u00e7\u00e3o dos seus servi\u00e7os. N\u00f3s instru\u00edmos a Cloudbeds por escrito como o processamento deve ser feito.<\/p><p><strong>Titulares de dados diferentes dos utilizadores:<\/strong><br \/>Quando voc\u00ea, utilizador, nos fornece dados pessoais pertencentes a um titular de dados diferente de si, \u00e9 respons\u00e1vel por tais atos, bem como pela obten\u00e7\u00e3o do respetivo consentimento desses titulares de dados para o fornecimento dos seus dados.<\/p><p><strong>Transfer\u00eancia de Dados:<\/strong><br \/>\u00a0N\u00e3o transferiremos dados pessoais para um pa\u00eds terceiro fora do EEE (Espa\u00e7o Econ\u00f3mico Europeu).<\/p><p><strong>Direitos do Titular dos Dados: <\/strong><br \/>Os Titulares dos Dados podem exercer os seus direitos de acesso, retifica\u00e7\u00e3o, cancelamento e oposi\u00e7\u00e3o enviando um e-mail ou atrav\u00e9s do servi\u00e7o postal para os detalhes de contacto no nosso site de reservas e nas nossas faturas.<\/p><p><strong>Autoridade de controlo:<\/strong><br \/>Se um titular de dados considerar que os seus direitos foram afetados, pode tamb\u00e9m recorrer \u00e0 autoridade de controlo competente do Estado-Membro em causa. Mais informa\u00e7\u00f5es em: https:\/\/ec.europa.eu\/info\/law\/law-topic\/data-protection\/data-protection-eu_en<\/p><p><strong>Revogar:<\/strong><br \/>Revogar cookies ou entrar em contato com reservas@margaridadapraca.pt para solicitar a exclus\u00e3o de cookies<\/p>\t\t\t\t\t\t\t\t<\/div>\n\t\t\t\t\t<\/div>\n\t\t\t\t<\/div>\n\t\t\t\t<\/div>","protected":false},"excerpt":{"rendered":"<p>Pol\u00edtica de Privacidade Pol\u00edtica de Privacidade e Dados Pessoais \u2013 aplic\u00e1vel aos Utilizadores deste Neg\u00f3cio de Hotelaria aquando da realiza\u00e7\u00e3o de uma reserva Controlador de dados (n\u00f3s): O neg\u00f3cio de hospitalidade que ir\u00e1 fornecer a si, o utilizador, o servi\u00e7o solicitado. Os nossos dados de identifica\u00e7\u00e3o e contato est\u00e3o dispon\u00edveis no website que utilizou para [&hellip;]<\/p>","protected":false},"author":1,"featured_media":0,"parent":0,"menu_order":0,"comment_status":"closed","ping_status":"closed","template":"","meta":{"footnotes":""},"class_list":["post-172","page","type-page","status-publish","hentry"],"yoast_head":"<!-- This site is optimized with the Yoast SEO plugin v26.8 - https:\/\/yoast.com\/product\/yoast-seo-wordpress\/ -->\n<title>Pol\u00edtica de Privacidade - Hotel Margarida da Pra\u00e7a<\/title>\n<meta name=\"robots\" content=\"index, follow, max-snippet:-1, max-image-preview:large, max-video-preview:-1\" \/>\n<link rel=\"canonical\" href=\"https:\/\/margaridadapraca.pt\/en\/politica-de-privacidade\/\" \/>\n<meta property=\"og:locale\" content=\"en_GB\" \/>\n<meta property=\"og:type\" content=\"article\" \/>\n<meta property=\"og:title\" content=\"Pol\u00edtica de Privacidade - Hotel Margarida da Pra\u00e7a\" \/>\n<meta property=\"og:description\" content=\"Pol\u00edtica de Privacidade Pol\u00edtica de Privacidade e Dados Pessoais \u2013 aplic\u00e1vel aos Utilizadores deste Neg\u00f3cio de Hotelaria aquando da realiza\u00e7\u00e3o de uma reserva Controlador de dados (n\u00f3s): O neg\u00f3cio de hospitalidade que ir\u00e1 fornecer a si, o utilizador, o servi\u00e7o solicitado. Os nossos dados de identifica\u00e7\u00e3o e contato est\u00e3o dispon\u00edveis no website que utilizou para [&hellip;]\" \/>\n<meta property=\"og:url\" content=\"https:\/\/margaridadapraca.pt\/en\/politica-de-privacidade\/\" \/>\n<meta property=\"og:site_name\" content=\"Hotel Margarida da Pra\u00e7a\" \/>\n<meta property=\"article:publisher\" content=\"https:\/\/www.facebook.com\/margaridadapracahotelrestaurante\" \/>\n<meta property=\"article:modified_time\" content=\"2024-08-09T10:11:35+00:00\" \/>\n<meta name=\"twitter:card\" content=\"summary_large_image\" \/>\n<meta name=\"twitter:label1\" content=\"Estimated reading time\" \/>\n\t<meta name=\"twitter:data1\" content=\"3 minutes\" \/>\n<script type=\"application\/ld+json\" class=\"yoast-schema-graph\">{\"@context\":\"https:\/\/schema.org\",\"@graph\":[{\"@type\":\"WebPage\",\"@id\":\"https:\/\/margaridadapraca.pt\/politica-de-privacidade\/\",\"url\":\"https:\/\/margaridadapraca.pt\/politica-de-privacidade\/\",\"name\":\"Pol\u00edtica de Privacidade - Hotel Margarida da Pra\u00e7a\",\"isPartOf\":{\"@id\":\"https:\/\/margaridadapraca.pt\/#website\"},\"datePublished\":\"2024-04-20T19:20:43+00:00\",\"dateModified\":\"2024-08-09T10:11:35+00:00\",\"breadcrumb\":{\"@id\":\"https:\/\/margaridadapraca.pt\/politica-de-privacidade\/#breadcrumb\"},\"inLanguage\":\"en-GB\",\"potentialAction\":[{\"@type\":\"ReadAction\",\"target\":[\"https:\/\/margaridadapraca.pt\/politica-de-privacidade\/\"]}]},{\"@type\":\"BreadcrumbList\",\"@id\":\"https:\/\/margaridadapraca.pt\/politica-de-privacidade\/#breadcrumb\",\"itemListElement\":[{\"@type\":\"ListItem\",\"position\":1,\"name\":\"In\u00edcio\",\"item\":\"https:\/\/margaridadapraca.pt\/\"},{\"@type\":\"ListItem\",\"position\":2,\"name\":\"Pol\u00edtica de Privacidade\"}]},{\"@type\":\"WebSite\",\"@id\":\"https:\/\/margaridadapraca.pt\/#website\",\"url\":\"https:\/\/margaridadapraca.pt\/\",\"name\":\"Hotel Margarida da Pra\u00e7a\",\"description\":\"\",\"publisher\":{\"@id\":\"https:\/\/margaridadapraca.pt\/#organization\"},\"potentialAction\":[{\"@type\":\"SearchAction\",\"target\":{\"@type\":\"EntryPoint\",\"urlTemplate\":\"https:\/\/margaridadapraca.pt\/?s={search_term_string}\"},\"query-input\":{\"@type\":\"PropertyValueSpecification\",\"valueRequired\":true,\"valueName\":\"search_term_string\"}}],\"inLanguage\":\"en-GB\"},{\"@type\":\"Organization\",\"@id\":\"https:\/\/margaridadapraca.pt\/#organization\",\"name\":\"Hotel Margarida da Pra\u00e7a\",\"url\":\"https:\/\/margaridadapraca.pt\/\",\"logo\":{\"@type\":\"ImageObject\",\"inLanguage\":\"en-GB\",\"@id\":\"https:\/\/margaridadapraca.pt\/#\/schema\/logo\/image\/\",\"url\":\"https:\/\/margaridadapraca.pt\/wp-content\/uploads\/2024\/07\/Margarida_da_Praca_brown.png\",\"contentUrl\":\"https:\/\/margaridadapraca.pt\/wp-content\/uploads\/2024\/07\/Margarida_da_Praca_brown.png\",\"width\":2191,\"height\":780,\"caption\":\"Hotel Margarida da Pra\u00e7a\"},\"image\":{\"@id\":\"https:\/\/margaridadapraca.pt\/#\/schema\/logo\/image\/\"},\"sameAs\":[\"https:\/\/www.facebook.com\/margaridadapracahotelrestaurante\",\"https:\/\/www.instagram.com\/hotel_margaridadapraca\/\"]}]}<\/script>\n<!-- \/ Yoast SEO plugin. -->","yoast_head_json":{"title":"Pol\u00edtica de Privacidade - Hotel Margarida da Pra\u00e7a","robots":{"index":"index","follow":"follow","max-snippet":"max-snippet:-1","max-image-preview":"max-image-preview:large","max-video-preview":"max-video-preview:-1"},"canonical":"https:\/\/margaridadapraca.pt\/en\/politica-de-privacidade\/","og_locale":"en_GB","og_type":"article","og_title":"Pol\u00edtica de Privacidade - Hotel Margarida da Pra\u00e7a","og_description":"Pol\u00edtica de Privacidade Pol\u00edtica de Privacidade e Dados Pessoais \u2013 aplic\u00e1vel aos Utilizadores deste Neg\u00f3cio de Hotelaria aquando da realiza\u00e7\u00e3o de uma reserva Controlador de dados (n\u00f3s): O neg\u00f3cio de hospitalidade que ir\u00e1 fornecer a si, o utilizador, o servi\u00e7o solicitado. Os nossos dados de identifica\u00e7\u00e3o e contato est\u00e3o dispon\u00edveis no website que utilizou para [&hellip;]","og_url":"https:\/\/margaridadapraca.pt\/en\/politica-de-privacidade\/","og_site_name":"Hotel Margarida da Pra\u00e7a","article_publisher":"https:\/\/www.facebook.com\/margaridadapracahotelrestaurante","article_modified_time":"2024-08-09T10:11:35+00:00","twitter_card":"summary_large_image","twitter_misc":{"Estimated reading time":"3 minutes"},"schema":{"@context":"https:\/\/schema.org","@graph":[{"@type":"WebPage","@id":"https:\/\/margaridadapraca.pt\/politica-de-privacidade\/","url":"https:\/\/margaridadapraca.pt\/politica-de-privacidade\/","name":"Pol\u00edtica de Privacidade - Hotel Margarida da Pra\u00e7a","isPartOf":{"@id":"https:\/\/margaridadapraca.pt\/#website"},"datePublished":"2024-04-20T19:20:43+00:00","dateModified":"2024-08-09T10:11:35+00:00","breadcrumb":{"@id":"https:\/\/margaridadapraca.pt\/politica-de-privacidade\/#breadcrumb"},"inLanguage":"en-GB","potentialAction":[{"@type":"ReadAction","target":["https:\/\/margaridadapraca.pt\/politica-de-privacidade\/"]}]},{"@type":"BreadcrumbList","@id":"https:\/\/margaridadapraca.pt\/politica-de-privacidade\/#breadcrumb","itemListElement":[{"@type":"ListItem","position":1,"name":"In\u00edcio","item":"https:\/\/margaridadapraca.pt\/"},{"@type":"ListItem","position":2,"name":"Pol\u00edtica de Privacidade"}]},{"@type":"WebSite","@id":"https:\/\/margaridadapraca.pt\/#website","url":"https:\/\/margaridadapraca.pt\/","name":"Hotel Margarida da Pra\u00e7a","description":"","publisher":{"@id":"https:\/\/margaridadapraca.pt\/#organization"},"potentialAction":[{"@type":"SearchAction","target":{"@type":"EntryPoint","urlTemplate":"https:\/\/margaridadapraca.pt\/?s={search_term_string}"},"query-input":{"@type":"PropertyValueSpecification","valueRequired":true,"valueName":"search_term_string"}}],"inLanguage":"en-GB"},{"@type":"Organization","@id":"https:\/\/margaridadapraca.pt\/#organization","name":"Hotel Margarida da Pra\u00e7a","url":"https:\/\/margaridadapraca.pt\/","logo":{"@type":"ImageObject","inLanguage":"en-GB","@id":"https:\/\/margaridadapraca.pt\/#\/schema\/logo\/image\/","url":"https:\/\/margaridadapraca.pt\/wp-content\/uploads\/2024\/07\/Margarida_da_Praca_brown.png","contentUrl":"https:\/\/margaridadapraca.pt\/wp-content\/uploads\/2024\/07\/Margarida_da_Praca_brown.png","width":2191,"height":780,"caption":"Hotel Margarida da Pra\u00e7a"},"image":{"@id":"https:\/\/margaridadapraca.pt\/#\/schema\/logo\/image\/"},"sameAs":["https:\/\/www.facebook.com\/margaridadapracahotelrestaurante","https:\/\/www.instagram.com\/hotel_margaridadapraca\/"]}]}},"_links":{"self":[{"href":"https:\/\/margaridadapraca.pt\/en\/wp-json\/wp\/v2\/pages\/172","targetHints":{"allow":["GET"]}}],"collection":[{"href":"https:\/\/margaridadapraca.pt\/en\/wp-json\/wp\/v2\/pages"}],"about":[{"href":"https:\/\/margaridadapraca.pt\/en\/wp-json\/wp\/v2\/types\/page"}],"author":[{"embeddable":true,"href":"https:\/\/margaridadapraca.pt\/en\/wp-json\/wp\/v2\/users\/1"}],"replies":[{"embeddable":true,"href":"https:\/\/margaridadapraca.pt\/en\/wp-json\/wp\/v2\/comments?post=172"}],"version-history":[{"count":16,"href":"https:\/\/margaridadapraca.pt\/en\/wp-json\/wp\/v2\/pages\/172\/revisions"}],"predecessor-version":[{"id":1034,"href":"https:\/\/margaridadapraca.pt\/en\/wp-json\/wp\/v2\/pages\/172\/revisions\/1034"}],"wp:attachment":[{"href":"https:\/\/margaridadapraca.pt\/en\/wp-json\/wp\/v2\/media?parent=172"}],"curies":[{"name":"wp","href":"https:\/\/api.w.org\/{rel}","templated":true}]}}